{"id":7492,"date":"2023-06-07T14:27:45","date_gmt":"2023-06-07T14:27:45","guid":{"rendered":"https:\/\/www.maledictis.com\/?page_id=7492"},"modified":"2023-06-07T14:27:46","modified_gmt":"2023-06-07T14:27:46","slug":"privacy-policy","status":"publish","type":"page","link":"https:\/\/www.maledictis.com\/es\/privacy-policy\/","title":{"rendered":"Politica privacidad"},"content":{"rendered":"<h2 class=\"wp-block-heading\">Qui\u00e9nes somos<\/h2>\n\n\n\n<p>MALEDICTIS es un sitio web sobre MULTIMAN (Julian Calvo) Music Studio, donde se comparte informaci\u00f3n relacionada con proyectos de composici\u00f3n musical, mezcla y masterizaci\u00f3n con usuarios de todo el mundo.<\/p>\n\n\n\n<p>Nuestra direcci\u00f3n de sitio web es: https:\/\/www.maledictis.com.<\/p>\n\n\n\n<h2 class=\"wp-block-heading\">Comentarios<\/h2>\n\n\n\n<p>Cuando los visitantes dejan comentarios en el sitio, recopilamos los datos que se muestran en el formulario de comentarios, adem\u00e1s de la direcci\u00f3n IP del visitante y la cadena del agente de usuario del navegador para ayudar a detectar el spam.<\/p>\n\n\n\n<p>Se puede proporcionar una cadena anonimizada creada a partir de tu direcci\u00f3n de correo electr\u00f3nico (tambi\u00e9n llamada hash) al servicio Gravatar para verificar si lo est\u00e1s utilizando. La pol\u00edtica de privacidad del servicio Gravatar est\u00e1 disponible aqu\u00ed: https:\/\/automattic.com\/privacy\/. Despu\u00e9s de la aprobaci\u00f3n de tu comentario, tu imagen de perfil ser\u00e1 visible para el p\u00fablico en el contexto de tu comentario.<\/p>\n\n\n\n<h2 class=\"wp-block-heading\">Media<\/h2>\n\n\n\n<p>Si subes im\u00e1genes al sitio web, evita cargar im\u00e1genes con datos de ubicaci\u00f3n incrustados (EXIF GPS). Los visitantes del sitio web pueden descargar y extraer cualquier dato de ubicaci\u00f3n de las im\u00e1genes del sitio web.<\/p>\n\n\n\n<h2 class=\"wp-block-heading\">Cookies<\/h2>\n\n\n\n<p>Si dejas un comentario en nuestro sitio, puedes optar por guardar tu nombre, direcci\u00f3n de correo electr\u00f3nico y sitio web en cookies. Estas cookies son para tu conveniencia, para que no tengas que volver a completar tus datos cuando dejes otro comentario. Estas cookies durar\u00e1n un a\u00f1o.<\/p>\n\n\n\n<p>Si visitas nuestra p\u00e1gina de inicio de sesi\u00f3n, estableceremos una cookie temporal para determinar si tu navegador acepta cookies. Esta cookie no contiene datos personales y se elimina cuando cierras tu navegador.<\/p>\n\n\n\n<p>Cuando inicias sesi\u00f3n, tambi\u00e9n configuramos varias cookies para guardar tu informaci\u00f3n de inicio de sesi\u00f3n y tus opciones de visualizaci\u00f3n de pantalla. Las cookies de inicio de sesi\u00f3n duran dos d\u00edas y las cookies de opciones de pantalla duran un a\u00f1o. Si seleccionas \"Recordarme\", tu inicio de sesi\u00f3n persistir\u00e1 durante dos semanas. Si cierras sesi\u00f3n en tu cuenta, se eliminar\u00e1n las cookies de inicio de sesi\u00f3n.<\/p>\n\n\n\n<p>Si editas o publicas un art\u00edculo, se guardar\u00e1 una cookie adicional en tu navegador. Esta cookie no contiene datos personales y simplemente indica el ID de la publicaci\u00f3n del art\u00edculo que acabas de editar. Expira despu\u00e9s de 1 d\u00eda.<\/p>\n\n\n\n<h2 class=\"wp-block-heading\">Contenido incrustado de otros sitios web<\/h2>\n\n\n\n<p>Los art\u00edculos en este sitio pueden incluir contenido incrustado (por ejemplo, videos, im\u00e1genes, art\u00edculos, etc.). El contenido incrustado de otros sitios web se comporta de la misma manera que si el visitante hubiera visitado el otro sitio web.<\/p>\n\n\n\n<p>Estos sitios web pueden recopilar datos sobre ti, utilizar cookies, incrustar seguimiento de terceros adicional y supervisar tu interacci\u00f3n con ese contenido incrustado, incluido el seguimiento de tu interacci\u00f3n con el contenido incrustado si tienes una cuenta y has iniciado sesi\u00f3n en ese sitio web.<\/p>\n\n\n\n<h2 class=\"wp-block-heading\">Con qui\u00e9n compartimos tus datos<\/h2>\n\n\n\n<p>Utilizamos cookies y recopilamos informaci\u00f3n anonimizada para los visitantes de nuestro sitio web, como la ubicaci\u00f3n geogr\u00e1fica, informaci\u00f3n t\u00e9cnica sobre el navegador y el sistema, direcciones IP, tiempo de sesi\u00f3n, etc. En este momento, analizamos estos datos mediante herramientas est\u00e1ndar como Google\/FB Analytics. Siempre puedes negarte a aceptar cookies a trav\u00e9s de la configuraci\u00f3n de tu navegador (o mediante la instalaci\u00f3n de herramientas de terceros como bloqueadores de anuncios).<\/p>\n\n\n\n<p>No hace falta decir que nunca venderemos ni alquilaremos tus datos personales sin tu consentimiento, a menos que estemos obligados por ley a hacerlo (o si estamos involucrados en una fusi\u00f3n o adquisici\u00f3n). No dudes en contactarnos si tienes alguna pregunta.<\/p>\n\n\n\n<p>Si solicitas restablecer tu contrase\u00f1a, tu direcci\u00f3n IP se incluir\u00e1 en el correo electr\u00f3nico de restablecimiento.<\/p>\n\n\n\n<h2 class=\"wp-block-heading\">Cu\u00e1nto tiempo conservamos tus datos<\/h2>\n\n\n\n<p>Si dejas un comentario, el comentario y sus metadatos se conservan indefinidamente. Esto es para que podamos reconocer y aprobar autom\u00e1ticamente cualquier comentario de seguimiento en lugar de mantenerlos en una cola de moderaci\u00f3n.<\/p>\n\n\n\n<p>Para los usuarios que se registran en nuestro sitio web (si los hay), tambi\u00e9n almacenamos la informaci\u00f3n personal que proporcionan en su perfil de usuario. Todos los usuarios pueden ver, editar o eliminar su informaci\u00f3n personal en cualquier momento (excepto que no pueden cambiar su nombre de usuario). Los administradores del sitio web tambi\u00e9n pueden ver y editar esa informaci\u00f3n.<\/p>\n\n\n\n<h2 class=\"wp-block-heading\">Qu\u00e9 derechos tienes sobre tus datos<\/h2>\n\n\n\n<p>Si tienes una cuenta en este sitio o has dejado comentarios, puedes solicitar recibir un archivo exportado de los datos personales que tenemos sobre ti, incluidos los datos que nos has proporcionado. Tambi\u00e9n puedes solicitar que borremos cualquier dato personal que tengamos sobre ti. Esto no incluye ning\u00fan dato que estemos obligados a conservar por motivos administrativos, legales o de seguridad.<\/p>\n\n\n\n<h2 class=\"wp-block-heading\">A d\u00f3nde se env\u00edan tus datos<\/h2>\n\n\n\n<p>Los comentarios de los visitantes pueden ser revisados mediante un servicio automatizado de detecci\u00f3n de spam.<\/p>\n\n\n\n<h2 class=\"wp-block-heading\">C\u00f3mo protegemos tus datos<\/h2>\n\n\n\n<p>Nuestro sitio web est\u00e1 alojado en proveedores de alojamiento de servidores conocidos con los \u00faltimos est\u00e1ndares de seguridad. Tambi\u00e9n utilizamos un dominio certificado por SSL.<\/p>\n\n\n\n<p>Anonimizamos todas las direcciones IP de nuestros usuarios\/suscriptores al compartir informaci\u00f3n con empresas de terceros como Google Analytics. Esta informaci\u00f3n se utiliza \u00fanicamente para nuestras propias estad\u00edsticas.<\/p>\n\n\n\n<p>Solo hay un administrador en el sitio web y tiene restricciones de IP, por lo que los datos solo se pueden acceder desde una computadora\/direcci\u00f3n IP espec\u00edfica.<\/p>\n\n\n\n<p>Utilizamos medidas de seguridad est\u00e1ndar de la industria para proteger tus datos contra ataques del exterior. Hacemos todo lo posible, pero, por supuesto, ser\u00eda irresponsable de nuestra parte decir que podemos garantizar al 100% la seguridad contra ataques externos.<\/p>\n\n\n\n<h2 class=\"wp-block-heading\">Procedimientos en caso de violaci\u00f3n de datos<\/h2>\n\n\n\n<p>Tenemos una protecci\u00f3n contra ataques de fuerza bruta que bloquea la actividad de inicio de sesi\u00f3n sospechosa.<\/p>\n\n\n\n<p>Utilizamos Monster Insights, Akismet Anti Spam y JetPack para brindar diferentes niveles de protecci\u00f3n contra spam, intentos de inicio de sesi\u00f3n maliciosos o sospechosos, y para anonimizar la direcci\u00f3n IP de los usuarios.<\/p>\n\n\n\n<p>Utilizamos medidas de seguridad est\u00e1ndar de la industria para proteger tus datos contra ataques del exterior. Hacemos todo lo posible, pero, por supuesto, ser\u00eda irresponsable de nuestra parte decir que podemos garantizar al 100% la seguridad contra ataques externos.<\/p>\n\n\n\n<h2 class=\"wp-block-heading\">Nuestra informaci\u00f3n de contacto<\/h2>\n\n\n\n<p>Nuestro e-mail de contacto es: i n f o @ m a l e d i c t i s . c o m<br>Nuestra organizaci\u00f3n se encuentra en Espa\u00f1a<br>Hablamos Castellano e Ingl\u00e9s biling\u00fce.<\/p>","protected":false},"excerpt":{"rendered":"<p>Who we are MALEDICTIS is a website about MULTIMAN (Julian Calvo) Music Studio, where information related to music composition, mixing [&hellip;]<\/p>\n","protected":false},"author":1,"featured_media":0,"parent":0,"menu_order":0,"comment_status":"closed","ping_status":"closed","template":"","meta":{"footnotes":""},"class_list":["post-7492","page","type-page","status-publish","hentry"],"acf":[],"_links":{"self":[{"href":"https:\/\/www.maledictis.com\/es\/wp-json\/wp\/v2\/pages\/7492","targetHints":{"allow":["GET"]}}],"collection":[{"href":"https:\/\/www.maledictis.com\/es\/wp-json\/wp\/v2\/pages"}],"about":[{"href":"https:\/\/www.maledictis.com\/es\/wp-json\/wp\/v2\/types\/page"}],"author":[{"embeddable":true,"href":"https:\/\/www.maledictis.com\/es\/wp-json\/wp\/v2\/users\/1"}],"replies":[{"embeddable":true,"href":"https:\/\/www.maledictis.com\/es\/wp-json\/wp\/v2\/comments?post=7492"}],"version-history":[{"count":1,"href":"https:\/\/www.maledictis.com\/es\/wp-json\/wp\/v2\/pages\/7492\/revisions"}],"predecessor-version":[{"id":7493,"href":"https:\/\/www.maledictis.com\/es\/wp-json\/wp\/v2\/pages\/7492\/revisions\/7493"}],"wp:attachment":[{"href":"https:\/\/www.maledictis.com\/es\/wp-json\/wp\/v2\/media?parent=7492"}],"curies":[{"name":"wp","href":"https:\/\/api.w.org\/{rel}","templated":true}]}}